{"id":1461,"date":"2024-06-07T22:42:34","date_gmt":"2024-06-07T22:42:34","guid":{"rendered":"https:\/\/millenniarch.com\/?page_id=1461"},"modified":"2024-08-23T01:07:13","modified_gmt":"2024-08-23T01:07:13","slug":"contactos","status":"publish","type":"page","link":"https:\/\/millenniarch.com\/en\/contactos\/","title":{"rendered":"Contacts"},"content":{"rendered":"<div data-elementor-type=\"wp-page\" data-elementor-id=\"1461\" class=\"elementor elementor-1461\" data-elementor-post-type=\"page\">\n\t\t\t\t<div class=\"elementor-element elementor-element-63016da e-con-full e-flex e-con e-parent\" data-id=\"63016da\" data-element_type=\"container\" id=\"top\" data-settings=\"{&quot;background_background&quot;:&quot;classic&quot;}\">\n\t\t\t\t<div class=\"elementor-element elementor-element-83dc183 elementor-widget__width-initial elementor-widget-tablet__width-initial elementor-invisible elementor-widget elementor-widget-image\" data-id=\"83dc183\" data-element_type=\"widget\" data-settings=\"{&quot;_animation&quot;:&quot;fadeInUp&quot;}\" data-widget_type=\"image.default\">\n\t\t\t\t<div class=\"elementor-widget-container\">\n\t\t\t\t\t\t\t\t\t\t\t\t\t\t\t<img decoding=\"async\" src=\"https:\/\/millenniarch.com\/wp-content\/uploads\/2024\/06\/Moradia_4-2.png\" title=\"\" alt=\"\" loading=\"lazy\" \/>\t\t\t\t\t\t\t\t\t\t\t\t\t\t\t<\/div>\n\t\t\t\t<\/div>\n\t\t<div class=\"elementor-element elementor-element-dbd8510 e-flex e-con-boxed e-con e-child\" data-id=\"dbd8510\" data-element_type=\"container\">\n\t\t\t\t\t<div class=\"e-con-inner\">\n\t\t\t\t<div class=\"elementor-element elementor-element-c1836d4 elementor-invisible elementor-widget elementor-widget-heading\" data-id=\"c1836d4\" data-element_type=\"widget\" data-settings=\"{&quot;_animation&quot;:&quot;fadeInUp&quot;}\" data-widget_type=\"heading.default\">\n\t\t\t\t<div class=\"elementor-widget-container\">\n\t\t\t\t\t<h1 class=\"elementor-heading-title elementor-size-default\">Get in<\/h1>\t\t\t\t<\/div>\n\t\t\t\t<\/div>\n\t\t\t\t<div class=\"elementor-element elementor-element-a91628a elementor-invisible elementor-widget elementor-widget-heading\" data-id=\"a91628a\" data-element_type=\"widget\" data-settings=\"{&quot;_animation&quot;:&quot;fadeInUp&quot;}\" data-widget_type=\"heading.default\">\n\t\t\t\t<div class=\"elementor-widget-container\">\n\t\t\t\t\t<h2 class=\"elementor-heading-title elementor-size-default\">in touch<\/h2>\t\t\t\t<\/div>\n\t\t\t\t<\/div>\n\t\t\t\t<div class=\"elementor-element elementor-element-387cb0a elementor-align-end elementor-laptop-align-start elementor-icon-list--layout-traditional elementor-list-item-link-full_width elementor-invisible elementor-widget elementor-widget-icon-list\" data-id=\"387cb0a\" data-element_type=\"widget\" data-settings=\"{&quot;_animation&quot;:&quot;fadeInUp&quot;}\" data-widget_type=\"icon-list.default\">\n\t\t\t\t<div class=\"elementor-widget-container\">\n\t\t\t\t\t\t\t<ul class=\"elementor-icon-list-items\">\n\t\t\t\t\t\t\t<li class=\"elementor-icon-list-item\">\n\t\t\t\t\t\t\t\t\t\t\t<a href=\"tel:+351914006511\" target=\"_blank\">\n\n\t\t\t\t\t\t\t\t\t\t\t\t<span class=\"elementor-icon-list-icon\">\n\t\t\t\t\t\t\t<i aria-hidden=\"true\" class=\"xlwpf wppb-font-phone-call\"><\/i>\t\t\t\t\t\t<\/span>\n\t\t\t\t\t\t\t\t\t\t<span class=\"elementor-icon-list-text\">(+351) 914 006 511*<\/span>\n\t\t\t\t\t\t\t\t\t\t\t<\/a>\n\t\t\t\t\t\t\t\t\t<\/li>\n\t\t\t\t\t\t\t\t<li class=\"elementor-icon-list-item\">\n\t\t\t\t\t\t\t\t\t\t\t<span class=\"elementor-icon-list-icon\">\n\t\t\t\t\t\t\t<i aria-hidden=\"true\" class=\"xlwpf wppb-font-envelope\"><\/i>\t\t\t\t\t\t<\/span>\n\t\t\t\t\t\t\t\t\t\t<span class=\"elementor-icon-list-text\">info@millenniarch.com<\/span>\n\t\t\t\t\t\t\t\t\t<\/li>\n\t\t\t\t\t\t\t\t<li class=\"elementor-icon-list-item\">\n\t\t\t\t\t\t\t\t\t\t\t<span class=\"elementor-icon-list-icon\">\n\t\t\t\t\t\t\t<i aria-hidden=\"true\" class=\"xlwpf wppb-font-clock\"><\/i>\t\t\t\t\t\t<\/span>\n\t\t\t\t\t\t\t\t\t\t<span class=\"elementor-icon-list-text\">Seg \u2013 Sex | 9:30 \u2013 17:30<\/span>\n\t\t\t\t\t\t\t\t\t<\/li>\n\t\t\t\t\t\t\t\t<li class=\"elementor-icon-list-item\">\n\t\t\t\t\t\t\t\t\t\t\t<span class=\"elementor-icon-list-icon\">\n\t\t\t\t\t\t\t<svg xmlns=\"http:\/\/www.w3.org\/2000\/svg\" xmlns:xlink=\"http:\/\/www.w3.org\/1999\/xlink\" id=\"Capa_1\" x=\"0px\" y=\"0px\" viewbox=\"0 0 442 442\" style=\"enable-background:new 0 0 442 442;\" xml:space=\"preserve\"><g>\t<path d=\"M221,0C125.114,0,47.105,78.009,47.105,173.895c0,31.402,8.103,64.738,24.083,99.081  c12.618,27.116,30.165,54.95,52.154,82.729c37.277,47.092,74.029,77.433,75.576,78.701C204.888,439.302,212.73,442,221,442  s16.112-2.698,22.083-7.595c1.546-1.269,38.298-31.609,75.575-78.701c21.989-27.778,39.536-55.612,52.154-82.729  c15.98-34.343,24.083-67.678,24.083-99.081C394.895,78.009,316.886,0,221,0z M303.229,342.972  c-35.955,45.495-72.469,75.673-72.831,75.97C228.029,420.885,224.604,422,221,422s-7.029-1.115-9.397-3.058  c-1.445-1.185-144.497-119.989-144.497-245.047C67.105,89.037,136.142,20,221,20s153.895,69.037,153.895,153.895  C374.895,238.689,335.922,301.603,303.229,342.972z\"><\/path>\t<path d=\"M221,81.438c-50.98,0-92.456,41.476-92.456,92.457c0,50.98,41.476,92.456,92.456,92.456s92.456-41.476,92.456-92.456  C313.456,122.914,271.98,81.438,221,81.438z M221,246.351c-39.953,0-72.456-32.503-72.456-72.456s32.503-72.457,72.456-72.457  s72.456,32.504,72.456,72.457S260.953,246.351,221,246.351z\"><\/path><\/g><g><\/g><g><\/g><g><\/g><g><\/g><g><\/g><g><\/g><g><\/g><g><\/g><g><\/g><g><\/g><g><\/g><g><\/g><g><\/g><g><\/g><g><\/g><\/svg>\t\t\t\t\t\t<\/span>\n\t\t\t\t\t\t\t\t\t\t<span class=\"elementor-icon-list-text\">Rua da Cruz 10, 1\u00ba Direito 9500-051 Ponta Delgada, S\u00e3o Miguel - A\u00e7ores Portugal<\/span>\n\t\t\t\t\t\t\t\t\t<\/li>\n\t\t\t\t\t\t<\/ul>\n\t\t\t\t\t\t<\/div>\n\t\t\t\t<\/div>\n\t\t\t\t<div class=\"elementor-element elementor-element-9d13441 elementor-align-right elementor-laptop-align-left elementor-invisible elementor-widget elementor-widget-button\" data-id=\"9d13441\" data-element_type=\"widget\" data-settings=\"{&quot;_animation&quot;:&quot;fadeInUp&quot;}\" data-widget_type=\"button.default\">\n\t\t\t\t<div class=\"elementor-widget-container\">\n\t\t\t\t\t\t\t\t\t<div class=\"elementor-button-wrapper\">\n\t\t\t\t\t<a class=\"elementor-button elementor-button-link elementor-size-sm\" href=\"https:\/\/www.google.pt\/maps\/place\/Millenniarch+%7C+Arquitetos\/@37.7385409,-25.6729882,19z\/data=!3m1!4b1!4m6!3m5!1s0xb5cd58afac1a877:0xe2a2be671a95ebd2!8m2!3d37.7385398!4d-25.6717705!16s%2Fg%2F11gxsgnm43?hl=pt-PT&#038;entry=ttu\" target=\"_blank\">\n\t\t\t\t\t\t<span class=\"elementor-button-content-wrapper\">\n\t\t\t\t\t\t\t\t\t<span class=\"elementor-button-text\">get directions<\/span>\n\t\t\t\t\t<\/span>\n\t\t\t\t\t<\/a>\n\t\t\t\t<\/div>\n\t\t\t\t\t\t\t\t<\/div>\n\t\t\t\t<\/div>\n\t\t\t\t\t<\/div>\n\t\t\t\t<\/div>\n\t\t\t\t<\/div>\n\t\t<div class=\"elementor-element elementor-element-705df8c e-con-full e-flex elementor-invisible e-con e-parent\" data-id=\"705df8c\" data-element_type=\"container\" data-settings=\"{&quot;animation&quot;:&quot;fadeInUp&quot;}\">\n\t\t<div class=\"elementor-element elementor-element-8f979a5 e-con-full e-flex e-con e-child\" data-id=\"8f979a5\" data-element_type=\"container\" data-settings=\"{&quot;background_background&quot;:&quot;classic&quot;,&quot;position&quot;:&quot;absolute&quot;}\">\n\t\t\t\t<\/div>\n\t\t\t\t<div class=\"elementor-element elementor-element-208cffe elementor-widget elementor-widget-google_maps\" data-id=\"208cffe\" data-element_type=\"widget\" data-widget_type=\"google_maps.default\">\n\t\t\t\t<div class=\"elementor-widget-container\">\n\t\t\t\t\t\t\t<div class=\"elementor-custom-embed\">\n\t\t\t<iframe loading=\"lazy\"\n\t\t\t\t\tsrc=\"https:\/\/maps.google.com\/maps?q=Rua%20da%20Cruz%C2%A010%2C%20Ponta%20Delgada&#038;t=m&#038;z=3&#038;output=embed&#038;iwloc=near\"\n\t\t\t\t\ttitle=\"Rua da Cruz\u00a010, Ponta Delgada\"\n\t\t\t\t\taria-label=\"Rua da Cruz\u00a010, Ponta Delgada\"\n\t\t\t><\/iframe>\n\t\t<\/div>\n\t\t\t\t\t\t<\/div>\n\t\t\t\t<\/div>\n\t\t\t\t<\/div>\n\t\t\t\t<\/div>","protected":false},"excerpt":{"rendered":"<p>Entre em contacte conosco e tire as suas d\u00favidas<\/p>","protected":false},"author":1,"featured_media":0,"parent":0,"menu_order":8,"comment_status":"closed","ping_status":"closed","template":"elementor_header_footer","meta":{"_acf_changed":false,"footnotes":""},"class_list":["post-1461","page","type-page","status-publish","hentry"],"acf":[],"yoast_head":"<!-- This site is optimized with the Yoast SEO plugin v26.8 - https:\/\/yoast.com\/product\/yoast-seo-wordpress\/ -->\n<title>Contactos - Millenniarch Arquitetos<\/title>\n<meta name=\"description\" content=\"Entre em contacte conosco e tire as suas d\u00favidas\" \/>\n<meta name=\"robots\" content=\"index, follow, max-snippet:-1, max-image-preview:large, max-video-preview:-1\" \/>\n<link rel=\"canonical\" href=\"https:\/\/millenniarch.com\/en\/contactos\/\" \/>\n<meta property=\"og:locale\" content=\"en_GB\" \/>\n<meta property=\"og:type\" content=\"article\" \/>\n<meta property=\"og:title\" content=\"Contactos - Millenniarch Arquitetos\" \/>\n<meta property=\"og:description\" content=\"Entre em contacte conosco e tire as suas d\u00favidas\" \/>\n<meta property=\"og:url\" content=\"https:\/\/millenniarch.com\/en\/contactos\/\" \/>\n<meta property=\"og:site_name\" content=\"Millenniarch Arquitetos\" \/>\n<meta property=\"article:publisher\" content=\"https:\/\/www.facebook.com\/millenniarch\" \/>\n<meta property=\"article:modified_time\" content=\"2024-08-23T01:07:13+00:00\" \/>\n<meta property=\"og:image\" content=\"https:\/\/millenniarch.com\/wp-content\/uploads\/2024\/06\/Moradia_4-1.png\" \/>\n\t<meta property=\"og:image:width\" content=\"1600\" \/>\n\t<meta property=\"og:image:height\" content=\"900\" \/>\n\t<meta property=\"og:image:type\" content=\"image\/png\" \/>\n<meta name=\"twitter:card\" content=\"summary_large_image\" \/>\n<meta name=\"twitter:title\" content=\"Contactos - Millenniarch Arquitetos\" \/>\n<meta name=\"twitter:description\" content=\"Entre em contacte conosco e tire as suas d\u00favidas\" \/>\n<meta name=\"twitter:label1\" content=\"Estimated reading time\" \/>\n\t<meta name=\"twitter:data1\" content=\"1 minute\" \/>\n<script type=\"application\/ld+json\" class=\"yoast-schema-graph\">{\"@context\":\"https:\/\/schema.org\",\"@graph\":[{\"@type\":[\"WebPage\",\"ContactPage\"],\"@id\":\"https:\/\/millenniarch.com\/contactos\/\",\"url\":\"https:\/\/millenniarch.com\/contactos\",\"name\":\"Contactos - Millenniarch Arquitetos\",\"isPartOf\":{\"@id\":\"https:\/\/millenniarch.com\/#website\"},\"primaryImageOfPage\":{\"@id\":\"https:\/\/millenniarch.com\/contactos#primaryimage\"},\"image\":{\"@id\":\"https:\/\/millenniarch.com\/contactos#primaryimage\"},\"thumbnailUrl\":\"https:\/\/millenniarch.com\/wp-content\/uploads\/2024\/06\/Moradia_4-2.png\",\"datePublished\":\"2024-06-07T22:42:34+00:00\",\"dateModified\":\"2024-08-23T01:07:13+00:00\",\"description\":\"Entre em contacte conosco e tire as suas d\u00favidas\",\"breadcrumb\":{\"@id\":\"https:\/\/millenniarch.com\/contactos#breadcrumb\"},\"inLanguage\":\"en-GB\",\"potentialAction\":[{\"@type\":\"ReadAction\",\"target\":[\"https:\/\/millenniarch.com\/contactos\"]}]},{\"@type\":\"ImageObject\",\"inLanguage\":\"en-GB\",\"@id\":\"https:\/\/millenniarch.com\/contactos#primaryimage\",\"url\":\"https:\/\/millenniarch.com\/wp-content\/uploads\/2024\/06\/Moradia_4-2.png\",\"contentUrl\":\"https:\/\/millenniarch.com\/wp-content\/uploads\/2024\/06\/Moradia_4-2.png\"},{\"@type\":\"BreadcrumbList\",\"@id\":\"https:\/\/millenniarch.com\/contactos#breadcrumb\",\"itemListElement\":[{\"@type\":\"ListItem\",\"position\":1,\"name\":\"In\u00edcio\",\"item\":\"https:\/\/millenniarch.com\/\"},{\"@type\":\"ListItem\",\"position\":2,\"name\":\"Contactos\"}]},{\"@type\":\"WebSite\",\"@id\":\"https:\/\/millenniarch.com\/#website\",\"url\":\"https:\/\/millenniarch.com\/\",\"name\":\"Millenniarch\",\"description\":\"Millenniarch Arquitetos, em Ponta Delgada, A\u00e7ores, cria arquitetura moderna e sustent\u00e1vel usando BIM e realidade aumentada. Transformamos a sua vis\u00e3o em realidade.\",\"publisher\":{\"@id\":\"https:\/\/millenniarch.com\/#organization\"},\"potentialAction\":[{\"@type\":\"SearchAction\",\"target\":{\"@type\":\"EntryPoint\",\"urlTemplate\":\"https:\/\/millenniarch.com\/?s={search_term_string}\"},\"query-input\":{\"@type\":\"PropertyValueSpecification\",\"valueRequired\":true,\"valueName\":\"search_term_string\"}}],\"inLanguage\":\"en-GB\"},{\"@type\":\"Organization\",\"@id\":\"https:\/\/millenniarch.com\/#organization\",\"name\":\"Millenniarch Arquitetos\",\"url\":\"https:\/\/millenniarch.com\/\",\"logo\":{\"@type\":\"ImageObject\",\"inLanguage\":\"en-GB\",\"@id\":\"https:\/\/millenniarch.com\/#\/schema\/logo\/image\/\",\"url\":\"https:\/\/millenniarch.com\/wp-content\/uploads\/2024\/04\/MILLENNIARCH-Logo-Black.png\",\"contentUrl\":\"https:\/\/millenniarch.com\/wp-content\/uploads\/2024\/04\/MILLENNIARCH-Logo-Black.png\",\"width\":1500,\"height\":251,\"caption\":\"Millenniarch Arquitetos\"},\"image\":{\"@id\":\"https:\/\/millenniarch.com\/#\/schema\/logo\/image\/\"},\"sameAs\":[\"https:\/\/www.facebook.com\/millenniarch\",\"https:\/\/www.instagram.com\/millenniarch\",\"https:\/\/www.linkedin.com\/company\/millenniarch\",\"https:\/\/www.pinterest.pt\/millenniarch\"]}]}<\/script>\n<!-- \/ Yoast SEO plugin. -->","yoast_head_json":{"title":"Contactos - Millenniarch Arquitetos","description":"Entre em contacte conosco e tire as suas d\u00favidas","robots":{"index":"index","follow":"follow","max-snippet":"max-snippet:-1","max-image-preview":"max-image-preview:large","max-video-preview":"max-video-preview:-1"},"canonical":"https:\/\/millenniarch.com\/en\/contactos\/","og_locale":"en_GB","og_type":"article","og_title":"Contactos - Millenniarch Arquitetos","og_description":"Entre em contacte conosco e tire as suas d\u00favidas","og_url":"https:\/\/millenniarch.com\/en\/contactos\/","og_site_name":"Millenniarch Arquitetos","article_publisher":"https:\/\/www.facebook.com\/millenniarch","article_modified_time":"2024-08-23T01:07:13+00:00","og_image":[{"width":1600,"height":900,"url":"https:\/\/millenniarch.com\/wp-content\/uploads\/2024\/06\/Moradia_4-1.png","type":"image\/png"}],"twitter_card":"summary_large_image","twitter_title":"Contactos - Millenniarch Arquitetos","twitter_description":"Entre em contacte conosco e tire as suas d\u00favidas","twitter_misc":{"Estimated reading time":"1 minute"},"schema":{"@context":"https:\/\/schema.org","@graph":[{"@type":["WebPage","ContactPage"],"@id":"https:\/\/millenniarch.com\/contactos\/","url":"https:\/\/millenniarch.com\/contactos","name":"Contactos - Millenniarch Arquitetos","isPartOf":{"@id":"https:\/\/millenniarch.com\/#website"},"primaryImageOfPage":{"@id":"https:\/\/millenniarch.com\/contactos#primaryimage"},"image":{"@id":"https:\/\/millenniarch.com\/contactos#primaryimage"},"thumbnailUrl":"https:\/\/millenniarch.com\/wp-content\/uploads\/2024\/06\/Moradia_4-2.png","datePublished":"2024-06-07T22:42:34+00:00","dateModified":"2024-08-23T01:07:13+00:00","description":"Entre em contacte conosco e tire as suas d\u00favidas","breadcrumb":{"@id":"https:\/\/millenniarch.com\/contactos#breadcrumb"},"inLanguage":"en-GB","potentialAction":[{"@type":"ReadAction","target":["https:\/\/millenniarch.com\/contactos"]}]},{"@type":"ImageObject","inLanguage":"en-GB","@id":"https:\/\/millenniarch.com\/contactos#primaryimage","url":"https:\/\/millenniarch.com\/wp-content\/uploads\/2024\/06\/Moradia_4-2.png","contentUrl":"https:\/\/millenniarch.com\/wp-content\/uploads\/2024\/06\/Moradia_4-2.png"},{"@type":"BreadcrumbList","@id":"https:\/\/millenniarch.com\/contactos#breadcrumb","itemListElement":[{"@type":"ListItem","position":1,"name":"In\u00edcio","item":"https:\/\/millenniarch.com\/"},{"@type":"ListItem","position":2,"name":"Contactos"}]},{"@type":"WebSite","@id":"https:\/\/millenniarch.com\/#website","url":"https:\/\/millenniarch.com\/","name":"Millenniarch","description":"Millenniarch Arquitetos, em Ponta Delgada, A\u00e7ores, cria arquitetura moderna e sustent\u00e1vel usando BIM e realidade aumentada. Transformamos a sua vis\u00e3o em realidade.","publisher":{"@id":"https:\/\/millenniarch.com\/#organization"},"potentialAction":[{"@type":"SearchAction","target":{"@type":"EntryPoint","urlTemplate":"https:\/\/millenniarch.com\/?s={search_term_string}"},"query-input":{"@type":"PropertyValueSpecification","valueRequired":true,"valueName":"search_term_string"}}],"inLanguage":"en-GB"},{"@type":"Organization","@id":"https:\/\/millenniarch.com\/#organization","name":"Millenniarch Arquitetos","url":"https:\/\/millenniarch.com\/","logo":{"@type":"ImageObject","inLanguage":"en-GB","@id":"https:\/\/millenniarch.com\/#\/schema\/logo\/image\/","url":"https:\/\/millenniarch.com\/wp-content\/uploads\/2024\/04\/MILLENNIARCH-Logo-Black.png","contentUrl":"https:\/\/millenniarch.com\/wp-content\/uploads\/2024\/04\/MILLENNIARCH-Logo-Black.png","width":1500,"height":251,"caption":"Millenniarch Arquitetos"},"image":{"@id":"https:\/\/millenniarch.com\/#\/schema\/logo\/image\/"},"sameAs":["https:\/\/www.facebook.com\/millenniarch","https:\/\/www.instagram.com\/millenniarch","https:\/\/www.linkedin.com\/company\/millenniarch","https:\/\/www.pinterest.pt\/millenniarch"]}]}},"_links":{"self":[{"href":"https:\/\/millenniarch.com\/en\/wp-json\/wp\/v2\/pages\/1461","targetHints":{"allow":["GET"]}}],"collection":[{"href":"https:\/\/millenniarch.com\/en\/wp-json\/wp\/v2\/pages"}],"about":[{"href":"https:\/\/millenniarch.com\/en\/wp-json\/wp\/v2\/types\/page"}],"author":[{"embeddable":true,"href":"https:\/\/millenniarch.com\/en\/wp-json\/wp\/v2\/users\/1"}],"replies":[{"embeddable":true,"href":"https:\/\/millenniarch.com\/en\/wp-json\/wp\/v2\/comments?post=1461"}],"version-history":[{"count":0,"href":"https:\/\/millenniarch.com\/en\/wp-json\/wp\/v2\/pages\/1461\/revisions"}],"wp:attachment":[{"href":"https:\/\/millenniarch.com\/en\/wp-json\/wp\/v2\/media?parent=1461"}],"curies":[{"name":"wp","href":"https:\/\/api.w.org\/{rel}","templated":true}]}}