{"id":2245,"date":"2024-06-11T02:46:17","date_gmt":"2024-06-11T02:46:17","guid":{"rendered":"https:\/\/millenniarch.com\/?page_id=2245"},"modified":"2024-12-06T17:28:42","modified_gmt":"2024-12-06T17:28:42","slug":"sobre","status":"publish","type":"page","link":"https:\/\/millenniarch.com\/en\/sobre\/","title":{"rendered":"About us"},"content":{"rendered":"<div data-elementor-type=\"wp-page\" data-elementor-id=\"2245\" class=\"elementor elementor-2245\" data-elementor-post-type=\"page\">\n\t\t\t\t<div class=\"elementor-element elementor-element-63016da e-con-full e-flex e-con e-parent\" data-id=\"63016da\" data-element_type=\"container\" id=\"top\" data-settings=\"{&quot;background_background&quot;:&quot;classic&quot;}\">\n\t\t\t\t<div class=\"elementor-element elementor-element-83dc183 elementor-widget__width-initial elementor-widget-tablet__width-initial elementor-invisible elementor-widget elementor-widget-image\" data-id=\"83dc183\" data-element_type=\"widget\" data-settings=\"{&quot;_animation&quot;:&quot;fadeInUp&quot;}\" data-widget_type=\"image.default\">\n\t\t\t\t<div class=\"elementor-widget-container\">\n\t\t\t\t\t\t\t\t\t\t\t\t\t\t\t<img fetchpriority=\"high\" decoding=\"async\" width=\"1080\" height=\"1080\" src=\"https:\/\/millenniarch.com\/wp-content\/uploads\/2024\/08\/pool-with-wooden-deck-blue-pool-with-house-background.jpg\" class=\"attachment-full size-full wp-image-2653\" alt=\"\" srcset=\"https:\/\/millenniarch.com\/wp-content\/uploads\/2024\/08\/pool-with-wooden-deck-blue-pool-with-house-background.jpg 1080w, https:\/\/millenniarch.com\/wp-content\/uploads\/2024\/08\/pool-with-wooden-deck-blue-pool-with-house-background-300x300.jpg 300w, https:\/\/millenniarch.com\/wp-content\/uploads\/2024\/08\/pool-with-wooden-deck-blue-pool-with-house-background-1024x1024.jpg 1024w, https:\/\/millenniarch.com\/wp-content\/uploads\/2024\/08\/pool-with-wooden-deck-blue-pool-with-house-background-150x150.jpg 150w, https:\/\/millenniarch.com\/wp-content\/uploads\/2024\/08\/pool-with-wooden-deck-blue-pool-with-house-background-768x768.jpg 768w, https:\/\/millenniarch.com\/wp-content\/uploads\/2024\/08\/pool-with-wooden-deck-blue-pool-with-house-background-12x12.jpg 12w\" sizes=\"(max-width: 1080px) 100vw, 1080px\" \/>\t\t\t\t\t\t\t\t\t\t\t\t\t\t\t<\/div>\n\t\t\t\t<\/div>\n\t\t<div class=\"elementor-element elementor-element-dbd8510 e-flex e-con-boxed e-con e-child\" data-id=\"dbd8510\" data-element_type=\"container\">\n\t\t\t\t\t<div class=\"e-con-inner\">\n\t\t\t\t<div class=\"elementor-element elementor-element-c1836d4 elementor-invisible elementor-widget elementor-widget-heading\" data-id=\"c1836d4\" data-element_type=\"widget\" data-settings=\"{&quot;_animation&quot;:&quot;fadeInUp&quot;}\" data-widget_type=\"heading.default\">\n\t\t\t\t<div class=\"elementor-widget-container\">\n\t\t\t\t\t<h2 class=\"elementor-heading-title elementor-size-default\">Our<\/h2>\t\t\t\t<\/div>\n\t\t\t\t<\/div>\n\t\t\t\t<div class=\"elementor-element elementor-element-a91628a elementor-invisible elementor-widget elementor-widget-heading\" data-id=\"a91628a\" data-element_type=\"widget\" data-settings=\"{&quot;_animation&quot;:&quot;fadeInUp&quot;}\" data-widget_type=\"heading.default\">\n\t\t\t\t<div class=\"elementor-widget-container\">\n\t\t\t\t\t<h1 class=\"elementor-heading-title elementor-size-default\">vision<\/h1>\t\t\t\t<\/div>\n\t\t\t\t<\/div>\n\t\t\t\t\t<\/div>\n\t\t\t\t<\/div>\n\t\t\t\t<\/div>\n\t\t<div class=\"elementor-element elementor-element-7de9b817 e-flex e-con-boxed e-con e-child\" data-id=\"7de9b817\" data-element_type=\"container\" data-settings=\"{&quot;background_background&quot;:&quot;classic&quot;}\">\n\t\t\t\t\t<div class=\"e-con-inner\">\n\t\t\t\t<div class=\"elementor-element elementor-element-a5f0db3 elementor-widget elementor-widget-heading\" data-id=\"a5f0db3\" data-element_type=\"widget\" data-widget_type=\"heading.default\">\n\t\t\t\t<div class=\"elementor-widget-container\">\n\t\t\t\t\t<h2 class=\"elementor-heading-title elementor-size-default\">Creating places,<\/h2>\t\t\t\t<\/div>\n\t\t\t\t<\/div>\n\t\t\t\t<div class=\"elementor-element elementor-element-166e470c elementor-widget elementor-widget-text-editor\" data-id=\"166e470c\" data-element_type=\"widget\" data-widget_type=\"text-editor.default\">\n\t\t\t\t<div class=\"elementor-widget-container\">\n\t\t\t\t\t\t\t\t\t<p>designing for people.<\/p>\t\t\t\t\t\t\t\t<\/div>\n\t\t\t\t<\/div>\n\t\t\t\t<div class=\"elementor-element elementor-element-9d13441 elementor-align-right elementor-laptop-align-left elementor-invisible elementor-widget elementor-widget-button\" data-id=\"9d13441\" data-element_type=\"widget\" data-settings=\"{&quot;_animation&quot;:&quot;fadeInUp&quot;}\" data-widget_type=\"button.default\">\n\t\t\t\t<div class=\"elementor-widget-container\">\n\t\t\t\t\t\t\t\t\t<div class=\"elementor-button-wrapper\">\n\t\t\t\t\t<a class=\"elementor-button elementor-button-link elementor-size-sm\" href=\"https:\/\/millenniarch.com\/en\/direcao\/\" target=\"_blank\">\n\t\t\t\t\t\t<span class=\"elementor-button-content-wrapper\">\n\t\t\t\t\t\t\t\t\t<span class=\"elementor-button-text\">TEAM<\/span>\n\t\t\t\t\t<\/span>\n\t\t\t\t\t<\/a>\n\t\t\t\t<\/div>\n\t\t\t\t\t\t\t\t<\/div>\n\t\t\t\t<\/div>\n\t\t<div class=\"elementor-element elementor-element-5ad9951c e-con-full e-flex e-con e-child\" data-id=\"5ad9951c\" data-element_type=\"container\" data-settings=\"{&quot;background_background&quot;:&quot;classic&quot;}\">\n\t\t\t\t<\/div>\n\t\t\t\t<div class=\"elementor-element elementor-element-2831a2d elementor-widget elementor-widget-text-editor\" data-id=\"2831a2d\" data-element_type=\"widget\" data-widget_type=\"text-editor.default\">\n\t\t\t\t<div class=\"elementor-widget-container\">\n\t\t\t\t\t\t\t\t\t<p>Millenniarch Architects is an architecture studio focused on high-quality design, specializing in residential projects with a vision centered on sustainability and innovation. Based in Ponta Delgada, Azores, our mission is to create architecture that maintains the integrity of our clients' original vision, always seeking partnerships with those who share this philosophy.<\/p>\n<p>We believe that architecture has the power to transform environments and people's lives. That's why every project we develop is carefully thought out to offer intelligent, efficient, and sustainable solutions. Our approach is grounded in the integration of BIM (Building Information Modeling) and Virtual Reality. These tools allow us to anticipate and explore different aspects of construction during the design phase, providing our clients with a clear vision of the spaces we create.<\/p>\n<p>Moreover, our methodology allows for the optimization of construction costs and resources, ensuring the delivery of high-quality projects always aligned with principles of energy efficiency and sustainability. We work to create spaces that are not only functional but also inspiring, building a solid foundation for a more sustainable future.<\/p>\t\t\t\t\t\t\t\t<\/div>\n\t\t\t\t<\/div>\n\t\t\t\t\t<\/div>\n\t\t\t\t<\/div>\n\t\t<div class=\"elementor-element elementor-element-61203ec1 e-con-full e-flex e-con e-child\" data-id=\"61203ec1\" data-element_type=\"container\" data-settings=\"{&quot;background_background&quot;:&quot;classic&quot;,&quot;background_motion_fx_motion_fx_scrolling&quot;:&quot;yes&quot;,&quot;background_motion_fx_translateY_effect&quot;:&quot;yes&quot;,&quot;background_motion_fx_translateY_direction&quot;:&quot;negative&quot;,&quot;background_motion_fx_translateY_speed&quot;:{&quot;unit&quot;:&quot;px&quot;,&quot;size&quot;:&quot;2.5&quot;,&quot;sizes&quot;:[]},&quot;background_motion_fx_translateY_affectedRange&quot;:{&quot;unit&quot;:&quot;%&quot;,&quot;size&quot;:&quot;&quot;,&quot;sizes&quot;:{&quot;start&quot;:0,&quot;end&quot;:100}},&quot;background_motion_fx_devices&quot;:[&quot;widescreen&quot;,&quot;desktop&quot;,&quot;laptop&quot;,&quot;tablet_extra&quot;,&quot;tablet&quot;,&quot;mobile_extra&quot;,&quot;mobile&quot;]}\">\n\t\t\t\t<\/div>\n\t\t<div class=\"elementor-element elementor-element-5b8b76ba e-con-full e-flex e-con e-parent\" data-id=\"5b8b76ba\" data-element_type=\"container\">\n\t\t<div class=\"elementor-element elementor-element-2ecf9d02 e-con-full e-flex e-con e-child\" data-id=\"2ecf9d02\" data-element_type=\"container\" data-settings=\"{&quot;background_background&quot;:&quot;classic&quot;,&quot;background_motion_fx_motion_fx_scrolling&quot;:&quot;yes&quot;,&quot;background_motion_fx_translateY_effect&quot;:&quot;yes&quot;,&quot;background_motion_fx_translateY_direction&quot;:&quot;negative&quot;,&quot;background_motion_fx_translateY_speed&quot;:{&quot;unit&quot;:&quot;px&quot;,&quot;size&quot;:&quot;2.5&quot;,&quot;sizes&quot;:[]},&quot;background_motion_fx_translateY_affectedRange&quot;:{&quot;unit&quot;:&quot;%&quot;,&quot;size&quot;:&quot;&quot;,&quot;sizes&quot;:{&quot;start&quot;:0,&quot;end&quot;:100}},&quot;background_motion_fx_devices&quot;:[&quot;widescreen&quot;,&quot;desktop&quot;,&quot;laptop&quot;,&quot;tablet_extra&quot;,&quot;tablet&quot;,&quot;mobile_extra&quot;,&quot;mobile&quot;]}\">\n\t\t\t\t<\/div>\n\t\t<div class=\"elementor-element elementor-element-26557d9f e-con-full e-flex e-con e-child\" data-id=\"26557d9f\" data-element_type=\"container\" data-settings=\"{&quot;background_background&quot;:&quot;classic&quot;,&quot;background_motion_fx_motion_fx_scrolling&quot;:&quot;yes&quot;,&quot;background_motion_fx_translateY_effect&quot;:&quot;yes&quot;,&quot;background_motion_fx_translateY_speed&quot;:{&quot;unit&quot;:&quot;px&quot;,&quot;size&quot;:2.2,&quot;sizes&quot;:[]},&quot;background_motion_fx_translateY_direction&quot;:&quot;negative&quot;,&quot;background_motion_fx_translateY_affectedRange&quot;:{&quot;unit&quot;:&quot;%&quot;,&quot;size&quot;:&quot;&quot;,&quot;sizes&quot;:{&quot;start&quot;:0,&quot;end&quot;:100}},&quot;background_motion_fx_devices&quot;:[&quot;widescreen&quot;,&quot;desktop&quot;,&quot;laptop&quot;,&quot;tablet_extra&quot;,&quot;tablet&quot;,&quot;mobile_extra&quot;,&quot;mobile&quot;]}\">\n\t\t\t\t<\/div>\n\t\t<div class=\"elementor-element elementor-element-74ba6597 e-con-full e-flex e-con e-child\" data-id=\"74ba6597\" data-element_type=\"container\" data-settings=\"{&quot;background_background&quot;:&quot;classic&quot;,&quot;background_motion_fx_motion_fx_scrolling&quot;:&quot;yes&quot;,&quot;background_motion_fx_translateY_effect&quot;:&quot;yes&quot;,&quot;background_motion_fx_translateY_direction&quot;:&quot;negative&quot;,&quot;background_motion_fx_translateY_speed&quot;:{&quot;unit&quot;:&quot;px&quot;,&quot;size&quot;:2.6,&quot;sizes&quot;:[]},&quot;background_motion_fx_translateY_affectedRange&quot;:{&quot;unit&quot;:&quot;%&quot;,&quot;size&quot;:&quot;&quot;,&quot;sizes&quot;:{&quot;start&quot;:0,&quot;end&quot;:100}},&quot;background_motion_fx_devices&quot;:[&quot;widescreen&quot;,&quot;desktop&quot;,&quot;laptop&quot;,&quot;tablet_extra&quot;,&quot;tablet&quot;,&quot;mobile_extra&quot;,&quot;mobile&quot;]}\">\n\t\t\t\t<\/div>\n\t\t\t\t<\/div>\n\t\t\t\t<\/div>","protected":false},"excerpt":{"rendered":"<p>Acreditamos que a arquitetura tem um papel crucial na constru\u00e7\u00e3o de um futuro melhor para as gera\u00e7\u00f5es futuras, e trabalhamos para criar edif\u00edcios inteligentes e eficientes.<\/p>","protected":false},"author":1,"featured_media":2653,"parent":0,"menu_order":3,"comment_status":"closed","ping_status":"closed","template":"elementor_header_footer","meta":{"_acf_changed":false,"footnotes":""},"class_list":["post-2245","page","type-page","status-publish","has-post-thumbnail","hentry"],"acf":[],"yoast_head":"<!-- This site is optimized with the Yoast SEO plugin v26.8 - https:\/\/yoast.com\/product\/yoast-seo-wordpress\/ -->\n<title>Sobre n\u00f3s - Millenniarch Arquitetos<\/title>\n<meta name=\"description\" content=\"Acreditamos que a arquitetura tem um papel crucial na constru\u00e7\u00e3o de um futuro melhor para as gera\u00e7\u00f5es futuras, e trabalhamos para criar edif\u00edcios inteligentes e eficientes.\" \/>\n<meta name=\"robots\" content=\"index, follow, max-snippet:-1, max-image-preview:large, max-video-preview:-1\" \/>\n<link rel=\"canonical\" href=\"https:\/\/millenniarch.com\/en\/sobre\/\" \/>\n<meta property=\"og:locale\" content=\"en_GB\" \/>\n<meta property=\"og:type\" content=\"article\" \/>\n<meta property=\"og:title\" content=\"Sobre n\u00f3s - Millenniarch Arquitetos\" \/>\n<meta property=\"og:description\" content=\"Acreditamos que a arquitetura tem um papel crucial na constru\u00e7\u00e3o de um futuro melhor para as gera\u00e7\u00f5es futuras, e trabalhamos para criar edif\u00edcios inteligentes e eficientes.\" \/>\n<meta property=\"og:url\" content=\"https:\/\/millenniarch.com\/en\/sobre\/\" \/>\n<meta property=\"og:site_name\" content=\"Millenniarch Arquitetos\" \/>\n<meta property=\"article:publisher\" content=\"https:\/\/www.facebook.com\/millenniarch\" \/>\n<meta property=\"article:modified_time\" content=\"2024-12-06T17:28:42+00:00\" \/>\n<meta property=\"og:image\" content=\"https:\/\/millenniarch.com\/wp-content\/uploads\/2024\/08\/pool-with-wooden-deck-blue-pool-with-house-background.jpg\" \/>\n\t<meta property=\"og:image:width\" content=\"1080\" \/>\n\t<meta property=\"og:image:height\" content=\"1080\" \/>\n\t<meta property=\"og:image:type\" content=\"image\/jpeg\" \/>\n<meta name=\"twitter:card\" content=\"summary_large_image\" \/>\n<meta name=\"twitter:title\" content=\"Sobre n\u00f3s - Millenniarch Arquitetos\" \/>\n<meta name=\"twitter:description\" content=\"Acreditamos que a arquitetura tem um papel crucial na constru\u00e7\u00e3o de um futuro melhor para as gera\u00e7\u00f5es futuras, e trabalhamos para criar edif\u00edcios inteligentes e eficientes.\" \/>\n<meta name=\"twitter:image\" content=\"https:\/\/millenniarch.com\/wp-content\/uploads\/2024\/08\/pool-with-wooden-deck-blue-pool-with-house-background.jpg\" \/>\n<meta name=\"twitter:label1\" content=\"Estimated reading time\" \/>\n\t<meta name=\"twitter:data1\" content=\"2 minutes\" \/>\n<script type=\"application\/ld+json\" class=\"yoast-schema-graph\">{\"@context\":\"https:\/\/schema.org\",\"@graph\":[{\"@type\":[\"WebPage\",\"AboutPage\"],\"@id\":\"https:\/\/millenniarch.com\/sobre\/\",\"url\":\"https:\/\/millenniarch.com\/sobre\",\"name\":\"Sobre n\u00f3s - Millenniarch Arquitetos\",\"isPartOf\":{\"@id\":\"https:\/\/millenniarch.com\/#website\"},\"primaryImageOfPage\":{\"@id\":\"https:\/\/millenniarch.com\/sobre#primaryimage\"},\"image\":{\"@id\":\"https:\/\/millenniarch.com\/sobre#primaryimage\"},\"thumbnailUrl\":\"https:\/\/millenniarch.com\/wp-content\/uploads\/2024\/08\/pool-with-wooden-deck-blue-pool-with-house-background.jpg\",\"datePublished\":\"2024-06-11T02:46:17+00:00\",\"dateModified\":\"2024-12-06T17:28:42+00:00\",\"description\":\"Acreditamos que a arquitetura tem um papel crucial na constru\u00e7\u00e3o de um futuro melhor para as gera\u00e7\u00f5es futuras, e trabalhamos para criar edif\u00edcios inteligentes e eficientes.\",\"breadcrumb\":{\"@id\":\"https:\/\/millenniarch.com\/sobre#breadcrumb\"},\"inLanguage\":\"en-GB\",\"potentialAction\":[{\"@type\":\"ReadAction\",\"target\":[\"https:\/\/millenniarch.com\/sobre\"]}]},{\"@type\":\"ImageObject\",\"inLanguage\":\"en-GB\",\"@id\":\"https:\/\/millenniarch.com\/sobre#primaryimage\",\"url\":\"https:\/\/millenniarch.com\/wp-content\/uploads\/2024\/08\/pool-with-wooden-deck-blue-pool-with-house-background.jpg\",\"contentUrl\":\"https:\/\/millenniarch.com\/wp-content\/uploads\/2024\/08\/pool-with-wooden-deck-blue-pool-with-house-background.jpg\",\"width\":1080,\"height\":1080},{\"@type\":\"BreadcrumbList\",\"@id\":\"https:\/\/millenniarch.com\/sobre#breadcrumb\",\"itemListElement\":[{\"@type\":\"ListItem\",\"position\":1,\"name\":\"In\u00edcio\",\"item\":\"https:\/\/millenniarch.com\/\"},{\"@type\":\"ListItem\",\"position\":2,\"name\":\"O nosso conceito\"}]},{\"@type\":\"WebSite\",\"@id\":\"https:\/\/millenniarch.com\/#website\",\"url\":\"https:\/\/millenniarch.com\/\",\"name\":\"Millenniarch\",\"description\":\"Millenniarch Arquitetos, em Ponta Delgada, A\u00e7ores, cria arquitetura moderna e sustent\u00e1vel usando BIM e realidade aumentada. Transformamos a sua vis\u00e3o em realidade.\",\"publisher\":{\"@id\":\"https:\/\/millenniarch.com\/#organization\"},\"potentialAction\":[{\"@type\":\"SearchAction\",\"target\":{\"@type\":\"EntryPoint\",\"urlTemplate\":\"https:\/\/millenniarch.com\/?s={search_term_string}\"},\"query-input\":{\"@type\":\"PropertyValueSpecification\",\"valueRequired\":true,\"valueName\":\"search_term_string\"}}],\"inLanguage\":\"en-GB\"},{\"@type\":\"Organization\",\"@id\":\"https:\/\/millenniarch.com\/#organization\",\"name\":\"Millenniarch Arquitetos\",\"url\":\"https:\/\/millenniarch.com\/\",\"logo\":{\"@type\":\"ImageObject\",\"inLanguage\":\"en-GB\",\"@id\":\"https:\/\/millenniarch.com\/#\/schema\/logo\/image\/\",\"url\":\"https:\/\/millenniarch.com\/wp-content\/uploads\/2024\/04\/MILLENNIARCH-Logo-Black.png\",\"contentUrl\":\"https:\/\/millenniarch.com\/wp-content\/uploads\/2024\/04\/MILLENNIARCH-Logo-Black.png\",\"width\":1500,\"height\":251,\"caption\":\"Millenniarch Arquitetos\"},\"image\":{\"@id\":\"https:\/\/millenniarch.com\/#\/schema\/logo\/image\/\"},\"sameAs\":[\"https:\/\/www.facebook.com\/millenniarch\",\"https:\/\/www.instagram.com\/millenniarch\",\"https:\/\/www.linkedin.com\/company\/millenniarch\",\"https:\/\/www.pinterest.pt\/millenniarch\"]}]}<\/script>\n<!-- \/ Yoast SEO plugin. -->","yoast_head_json":{"title":"Sobre n\u00f3s - Millenniarch Arquitetos","description":"Acreditamos que a arquitetura tem um papel crucial na constru\u00e7\u00e3o de um futuro melhor para as gera\u00e7\u00f5es futuras, e trabalhamos para criar edif\u00edcios inteligentes e eficientes.","robots":{"index":"index","follow":"follow","max-snippet":"max-snippet:-1","max-image-preview":"max-image-preview:large","max-video-preview":"max-video-preview:-1"},"canonical":"https:\/\/millenniarch.com\/en\/sobre\/","og_locale":"en_GB","og_type":"article","og_title":"Sobre n\u00f3s - Millenniarch Arquitetos","og_description":"Acreditamos que a arquitetura tem um papel crucial na constru\u00e7\u00e3o de um futuro melhor para as gera\u00e7\u00f5es futuras, e trabalhamos para criar edif\u00edcios inteligentes e eficientes.","og_url":"https:\/\/millenniarch.com\/en\/sobre\/","og_site_name":"Millenniarch Arquitetos","article_publisher":"https:\/\/www.facebook.com\/millenniarch","article_modified_time":"2024-12-06T17:28:42+00:00","og_image":[{"width":1080,"height":1080,"url":"https:\/\/millenniarch.com\/wp-content\/uploads\/2024\/08\/pool-with-wooden-deck-blue-pool-with-house-background.jpg","type":"image\/jpeg"}],"twitter_card":"summary_large_image","twitter_title":"Sobre n\u00f3s - Millenniarch Arquitetos","twitter_description":"Acreditamos que a arquitetura tem um papel crucial na constru\u00e7\u00e3o de um futuro melhor para as gera\u00e7\u00f5es futuras, e trabalhamos para criar edif\u00edcios inteligentes e eficientes.","twitter_image":"https:\/\/millenniarch.com\/wp-content\/uploads\/2024\/08\/pool-with-wooden-deck-blue-pool-with-house-background.jpg","twitter_misc":{"Estimated reading time":"2 minutes"},"schema":{"@context":"https:\/\/schema.org","@graph":[{"@type":["WebPage","AboutPage"],"@id":"https:\/\/millenniarch.com\/sobre\/","url":"https:\/\/millenniarch.com\/sobre","name":"Sobre n\u00f3s - Millenniarch Arquitetos","isPartOf":{"@id":"https:\/\/millenniarch.com\/#website"},"primaryImageOfPage":{"@id":"https:\/\/millenniarch.com\/sobre#primaryimage"},"image":{"@id":"https:\/\/millenniarch.com\/sobre#primaryimage"},"thumbnailUrl":"https:\/\/millenniarch.com\/wp-content\/uploads\/2024\/08\/pool-with-wooden-deck-blue-pool-with-house-background.jpg","datePublished":"2024-06-11T02:46:17+00:00","dateModified":"2024-12-06T17:28:42+00:00","description":"Acreditamos que a arquitetura tem um papel crucial na constru\u00e7\u00e3o de um futuro melhor para as gera\u00e7\u00f5es futuras, e trabalhamos para criar edif\u00edcios inteligentes e eficientes.","breadcrumb":{"@id":"https:\/\/millenniarch.com\/sobre#breadcrumb"},"inLanguage":"en-GB","potentialAction":[{"@type":"ReadAction","target":["https:\/\/millenniarch.com\/sobre"]}]},{"@type":"ImageObject","inLanguage":"en-GB","@id":"https:\/\/millenniarch.com\/sobre#primaryimage","url":"https:\/\/millenniarch.com\/wp-content\/uploads\/2024\/08\/pool-with-wooden-deck-blue-pool-with-house-background.jpg","contentUrl":"https:\/\/millenniarch.com\/wp-content\/uploads\/2024\/08\/pool-with-wooden-deck-blue-pool-with-house-background.jpg","width":1080,"height":1080},{"@type":"BreadcrumbList","@id":"https:\/\/millenniarch.com\/sobre#breadcrumb","itemListElement":[{"@type":"ListItem","position":1,"name":"In\u00edcio","item":"https:\/\/millenniarch.com\/"},{"@type":"ListItem","position":2,"name":"O nosso conceito"}]},{"@type":"WebSite","@id":"https:\/\/millenniarch.com\/#website","url":"https:\/\/millenniarch.com\/","name":"Millenniarch","description":"Millenniarch Arquitetos, em Ponta Delgada, A\u00e7ores, cria arquitetura moderna e sustent\u00e1vel usando BIM e realidade aumentada. Transformamos a sua vis\u00e3o em realidade.","publisher":{"@id":"https:\/\/millenniarch.com\/#organization"},"potentialAction":[{"@type":"SearchAction","target":{"@type":"EntryPoint","urlTemplate":"https:\/\/millenniarch.com\/?s={search_term_string}"},"query-input":{"@type":"PropertyValueSpecification","valueRequired":true,"valueName":"search_term_string"}}],"inLanguage":"en-GB"},{"@type":"Organization","@id":"https:\/\/millenniarch.com\/#organization","name":"Millenniarch Arquitetos","url":"https:\/\/millenniarch.com\/","logo":{"@type":"ImageObject","inLanguage":"en-GB","@id":"https:\/\/millenniarch.com\/#\/schema\/logo\/image\/","url":"https:\/\/millenniarch.com\/wp-content\/uploads\/2024\/04\/MILLENNIARCH-Logo-Black.png","contentUrl":"https:\/\/millenniarch.com\/wp-content\/uploads\/2024\/04\/MILLENNIARCH-Logo-Black.png","width":1500,"height":251,"caption":"Millenniarch Arquitetos"},"image":{"@id":"https:\/\/millenniarch.com\/#\/schema\/logo\/image\/"},"sameAs":["https:\/\/www.facebook.com\/millenniarch","https:\/\/www.instagram.com\/millenniarch","https:\/\/www.linkedin.com\/company\/millenniarch","https:\/\/www.pinterest.pt\/millenniarch"]}]}},"_links":{"self":[{"href":"https:\/\/millenniarch.com\/en\/wp-json\/wp\/v2\/pages\/2245","targetHints":{"allow":["GET"]}}],"collection":[{"href":"https:\/\/millenniarch.com\/en\/wp-json\/wp\/v2\/pages"}],"about":[{"href":"https:\/\/millenniarch.com\/en\/wp-json\/wp\/v2\/types\/page"}],"author":[{"embeddable":true,"href":"https:\/\/millenniarch.com\/en\/wp-json\/wp\/v2\/users\/1"}],"replies":[{"embeddable":true,"href":"https:\/\/millenniarch.com\/en\/wp-json\/wp\/v2\/comments?post=2245"}],"version-history":[{"count":15,"href":"https:\/\/millenniarch.com\/en\/wp-json\/wp\/v2\/pages\/2245\/revisions"}],"predecessor-version":[{"id":3392,"href":"https:\/\/millenniarch.com\/en\/wp-json\/wp\/v2\/pages\/2245\/revisions\/3392"}],"wp:featuredmedia":[{"embeddable":true,"href":"https:\/\/millenniarch.com\/en\/wp-json\/wp\/v2\/media\/2653"}],"wp:attachment":[{"href":"https:\/\/millenniarch.com\/en\/wp-json\/wp\/v2\/media?parent=2245"}],"curies":[{"name":"wp","href":"https:\/\/api.w.org\/{rel}","templated":true}]}}