{"id":2408,"date":"2024-07-03T15:07:09","date_gmt":"2024-07-03T15:07:09","guid":{"rendered":"https:\/\/millenniarch.com\/?page_id=2408"},"modified":"2025-05-17T15:41:06","modified_gmt":"2025-05-17T15:41:06","slug":"direcao","status":"publish","type":"page","link":"https:\/\/millenniarch.com\/en\/direcao\/","title":{"rendered":"Leadership"},"content":{"rendered":"<div data-elementor-type=\"wp-page\" data-elementor-id=\"2408\" class=\"elementor elementor-2408\" data-elementor-post-type=\"page\">\n\t\t\t\t<div class=\"elementor-element elementor-element-1ea0891e e-con-full e-flex e-con e-parent\" data-id=\"1ea0891e\" data-element_type=\"container\" data-settings=\"{&quot;background_motion_fx_motion_fx_scrolling&quot;:&quot;yes&quot;,&quot;background_motion_fx_devices&quot;:[],&quot;background_background&quot;:&quot;classic&quot;}\">\n\t\t<div class=\"elementor-element elementor-element-7658a588 e-con-full e-flex e-con e-child\" data-id=\"7658a588\" data-element_type=\"container\" data-settings=\"{&quot;background_background&quot;:&quot;classic&quot;,&quot;background_motion_fx_motion_fx_scrolling&quot;:&quot;yes&quot;,&quot;background_motion_fx_translateY_effect&quot;:&quot;yes&quot;,&quot;background_motion_fx_translateY_direction&quot;:&quot;negative&quot;,&quot;background_motion_fx_translateY_speed&quot;:{&quot;unit&quot;:&quot;px&quot;,&quot;size&quot;:&quot;2.5&quot;,&quot;sizes&quot;:[]},&quot;background_motion_fx_translateY_affectedRange&quot;:{&quot;unit&quot;:&quot;%&quot;,&quot;size&quot;:&quot;&quot;,&quot;sizes&quot;:{&quot;start&quot;:0,&quot;end&quot;:100}},&quot;background_motion_fx_devices&quot;:[&quot;widescreen&quot;,&quot;desktop&quot;,&quot;laptop&quot;,&quot;tablet_extra&quot;,&quot;tablet&quot;,&quot;mobile_extra&quot;,&quot;mobile&quot;]}\">\n\t\t\t\t<div class=\"elementor-element elementor-element-c1836d4 elementor-invisible elementor-widget elementor-widget-heading\" data-id=\"c1836d4\" data-element_type=\"widget\" data-settings=\"{&quot;_animation&quot;:&quot;fadeInUp&quot;}\" data-widget_type=\"heading.default\">\n\t\t\t\t<div class=\"elementor-widget-container\">\n\t\t\t\t\t<h2 class=\"elementor-heading-title elementor-size-default\">About the<\/h2>\t\t\t\t<\/div>\n\t\t\t\t<\/div>\n\t\t\t\t<div class=\"elementor-element elementor-element-a91628a elementor-invisible elementor-widget elementor-widget-heading\" data-id=\"a91628a\" data-element_type=\"widget\" data-settings=\"{&quot;_animation&quot;:&quot;fadeInUp&quot;}\" data-widget_type=\"heading.default\">\n\t\t\t\t<div class=\"elementor-widget-container\">\n\t\t\t\t\t<h1 class=\"elementor-heading-title elementor-size-default\">leadership<\/h1>\t\t\t\t<\/div>\n\t\t\t\t<\/div>\n\t\t\t\t<\/div>\n\t\t\t\t<\/div>\n\t\t<div class=\"elementor-element elementor-element-4305d26f e-flex e-con-boxed e-con e-parent\" data-id=\"4305d26f\" data-element_type=\"container\" data-settings=\"{&quot;background_background&quot;:&quot;classic&quot;}\">\n\t\t\t\t\t<div class=\"e-con-inner\">\n\t\t<div class=\"elementor-element elementor-element-52a03cd1 e-con-full e-flex elementor-invisible e-con e-child\" data-id=\"52a03cd1\" data-element_type=\"container\" data-settings=\"{&quot;animation&quot;:&quot;fadeInUp&quot;}\">\n\t\t\t\t<div class=\"elementor-element elementor-element-2bbe9df4 elementor-widget elementor-widget-heading\" data-id=\"2bbe9df4\" data-element_type=\"widget\" data-widget_type=\"heading.default\">\n\t\t\t\t<div class=\"elementor-widget-container\">\n\t\t\t\t\t<div class=\"elementor-heading-title elementor-size-default\">Mission<\/div>\t\t\t\t<\/div>\n\t\t\t\t<\/div>\n\t\t\t\t<div class=\"elementor-element elementor-element-10a60a1a elementor-widget elementor-widget-heading\" data-id=\"10a60a1a\" data-element_type=\"widget\" data-widget_type=\"heading.default\">\n\t\t\t\t<div class=\"elementor-widget-container\">\n\t\t\t\t\t<h4 class=\"elementor-heading-title elementor-size-default\">Commitment and Excellence<\/h4>\t\t\t\t<\/div>\n\t\t\t\t<\/div>\n\t\t\t\t<div class=\"elementor-element elementor-element-80f32d9 elementor-widget elementor-widget-text-editor\" data-id=\"80f32d9\" data-element_type=\"widget\" data-widget_type=\"text-editor.default\">\n\t\t\t\t<div class=\"elementor-widget-container\">\n\t\t\t\t\t\t\t\t\t<p>With strategic vision and a passion for design, we lead innovative and timeless projects.<\/p>\t\t\t\t\t\t\t\t<\/div>\n\t\t\t\t<\/div>\n\t\t\t\t<\/div>\n\t\t\t\t\t<\/div>\n\t\t\t\t<\/div>\n\t\t<div class=\"elementor-element elementor-element-eb14a6c e-grid e-con-boxed e-con e-parent\" data-id=\"eb14a6c\" data-element_type=\"container\" data-settings=\"{&quot;background_background&quot;:&quot;classic&quot;}\">\n\t\t\t\t\t<div class=\"e-con-inner\">\n\t\t<div class=\"elementor-element elementor-element-2c91610f e-con-full e-flex elementor-invisible e-con e-child\" data-id=\"2c91610f\" data-element_type=\"container\" data-settings=\"{&quot;animation&quot;:&quot;fadeInUp&quot;}\">\n\t\t\t\t<\/div>\n\t\t<div class=\"elementor-element elementor-element-dac8acc e-con-full e-flex elementor-invisible e-con e-child\" data-id=\"dac8acc\" data-element_type=\"container\" data-settings=\"{&quot;animation&quot;:&quot;fadeInUp&quot;}\">\n\t\t\t\t<div class=\"elementor-element elementor-element-244fbe3 elementor-widget elementor-widget-image\" data-id=\"244fbe3\" data-element_type=\"widget\" data-widget_type=\"image.default\">\n\t\t\t\t<div class=\"elementor-widget-container\">\n\t\t\t\t\t\t\t\t\t\t\t\t\t\t\t<img fetchpriority=\"high\" decoding=\"async\" width=\"683\" height=\"1024\" src=\"https:\/\/millenniarch.com\/wp-content\/uploads\/2024\/10\/Wilson-683x1024.jpg\" class=\"attachment-large size-large wp-image-3358\" alt=\"\" srcset=\"https:\/\/millenniarch.com\/wp-content\/uploads\/2024\/10\/Wilson-683x1024.jpg 683w, https:\/\/millenniarch.com\/wp-content\/uploads\/2024\/10\/Wilson-200x300.jpg 200w, https:\/\/millenniarch.com\/wp-content\/uploads\/2024\/10\/Wilson-768x1152.jpg 768w, https:\/\/millenniarch.com\/wp-content\/uploads\/2024\/10\/Wilson-1024x1536.jpg 1024w, https:\/\/millenniarch.com\/wp-content\/uploads\/2024\/10\/Wilson-1366x2048.jpg 1366w, https:\/\/millenniarch.com\/wp-content\/uploads\/2024\/10\/Wilson-8x12.jpg 8w, https:\/\/millenniarch.com\/wp-content\/uploads\/2024\/10\/Wilson.jpg 1505w\" sizes=\"(max-width: 683px) 100vw, 683px\" \/>\t\t\t\t\t\t\t\t\t\t\t\t\t\t\t<\/div>\n\t\t\t\t<\/div>\n\t\t<div class=\"elementor-element elementor-element-92b99ed e-con-full e-flex e-con e-child\" data-id=\"92b99ed\" data-element_type=\"container\">\n\t\t<div class=\"elementor-element elementor-element-4ced33f e-con-full e-flex e-con e-child\" data-id=\"4ced33f\" data-element_type=\"container\" data-settings=\"{&quot;background_background&quot;:&quot;classic&quot;}\">\n\t\t\t\t<\/div>\n\t\t\t\t<div class=\"elementor-element elementor-element-d84b1a0 elementor-widget elementor-widget-heading\" data-id=\"d84b1a0\" data-element_type=\"widget\" data-widget_type=\"heading.default\">\n\t\t\t\t<div class=\"elementor-widget-container\">\n\t\t\t\t\t<h2 class=\"elementor-heading-title elementor-size-default\">Wilson Melo<\/h2>\t\t\t\t<\/div>\n\t\t\t\t<\/div>\n\t\t\t\t<div class=\"elementor-element elementor-element-76d577c elementor-widget elementor-widget-heading\" data-id=\"76d577c\" data-element_type=\"widget\" data-widget_type=\"heading.default\">\n\t\t\t\t<div class=\"elementor-widget-container\">\n\t\t\t\t\t<h2 class=\"elementor-heading-title elementor-size-default\">Architect &amp; Managing Partner<\/h2>\t\t\t\t<\/div>\n\t\t\t\t<\/div>\n\t\t\t\t<\/div>\n\t\t\t\t<\/div>\n\t\t<div class=\"elementor-element elementor-element-bf27e2d e-con-full e-flex elementor-invisible e-con e-child\" data-id=\"bf27e2d\" data-element_type=\"container\" data-settings=\"{&quot;animation&quot;:&quot;fadeInUp&quot;}\">\n\t\t\t\t<\/div>\n\t\t\t\t\t<\/div>\n\t\t\t\t<\/div>\n\t\t\t\t<\/div>","protected":false},"excerpt":{"rendered":"<p>Somos um grupo dedicado de profissionais apaixonados pelo design, comprometidos em transformar sonhos em realidade.\u200b<\/p>","protected":false},"author":1,"featured_media":2383,"parent":0,"menu_order":2,"comment_status":"closed","ping_status":"closed","template":"","meta":{"_acf_changed":false,"footnotes":""},"class_list":["post-2408","page","type-page","status-publish","has-post-thumbnail","hentry"],"acf":[],"yoast_head":"<!-- This site is optimized with the Yoast SEO plugin v26.8 - https:\/\/yoast.com\/product\/yoast-seo-wordpress\/ -->\n<title>Dire\u00e7\u00e3o - Millenniarch Arquitetos<\/title>\n<meta name=\"description\" content=\"Somos um grupo dedicado de profissionais apaixonados pelo design, comprometidos em transformar sonhos em realidade.\u200b\" \/>\n<meta name=\"robots\" content=\"index, follow, max-snippet:-1, max-image-preview:large, max-video-preview:-1\" \/>\n<link rel=\"canonical\" href=\"https:\/\/millenniarch.com\/en\/direcao\/\" \/>\n<meta property=\"og:locale\" content=\"en_GB\" \/>\n<meta property=\"og:type\" content=\"article\" \/>\n<meta property=\"og:title\" content=\"Dire\u00e7\u00e3o - Millenniarch Arquitetos\" \/>\n<meta property=\"og:description\" content=\"Somos um grupo dedicado de profissionais apaixonados pelo design, comprometidos em transformar sonhos em realidade.\u200b\" \/>\n<meta property=\"og:url\" content=\"https:\/\/millenniarch.com\/en\/direcao\/\" \/>\n<meta property=\"og:site_name\" content=\"Millenniarch Arquitetos\" \/>\n<meta property=\"article:publisher\" content=\"https:\/\/www.facebook.com\/millenniarch\" \/>\n<meta property=\"article:modified_time\" content=\"2025-05-17T15:41:06+00:00\" \/>\n<meta property=\"og:image\" content=\"https:\/\/millenniarch.com\/wp-content\/uploads\/2024\/06\/design-house-modern-villa-with-open-plan-living-private-bedroom-wing-large-terrace-with-privacy.jpg\" \/>\n\t<meta property=\"og:image:width\" content=\"1920\" \/>\n\t<meta property=\"og:image:height\" content=\"1280\" \/>\n\t<meta property=\"og:image:type\" content=\"image\/jpeg\" \/>\n<meta name=\"twitter:card\" content=\"summary_large_image\" \/>\n<meta name=\"twitter:title\" content=\"Dire\u00e7\u00e3o - Millenniarch Arquitetos\" \/>\n<meta name=\"twitter:description\" content=\"Somos um grupo dedicado de profissionais apaixonados pelo design, comprometidos em transformar sonhos em realidade.\u200b\" \/>\n<meta name=\"twitter:image\" content=\"https:\/\/millenniarch.com\/wp-content\/uploads\/2024\/06\/design-house-modern-villa-with-open-plan-living-private-bedroom-wing-large-terrace-with-privacy.jpg\" \/>\n<meta name=\"twitter:label1\" content=\"Estimated reading time\" \/>\n\t<meta name=\"twitter:data1\" content=\"1 minute\" \/>\n<script type=\"application\/ld+json\" class=\"yoast-schema-graph\">{\"@context\":\"https:\/\/schema.org\",\"@graph\":[{\"@type\":\"WebPage\",\"@id\":\"https:\/\/millenniarch.com\/direcao\/\",\"url\":\"https:\/\/millenniarch.com\/direcao\",\"name\":\"Dire\u00e7\u00e3o - Millenniarch Arquitetos\",\"isPartOf\":{\"@id\":\"https:\/\/millenniarch.com\/#website\"},\"primaryImageOfPage\":{\"@id\":\"https:\/\/millenniarch.com\/direcao#primaryimage\"},\"image\":{\"@id\":\"https:\/\/millenniarch.com\/direcao#primaryimage\"},\"thumbnailUrl\":\"https:\/\/millenniarch.com\/wp-content\/uploads\/2024\/06\/design-house-modern-villa-with-open-plan-living-private-bedroom-wing-large-terrace-with-privacy.jpg\",\"datePublished\":\"2024-07-03T15:07:09+00:00\",\"dateModified\":\"2025-05-17T15:41:06+00:00\",\"description\":\"Somos um grupo dedicado de profissionais apaixonados pelo design, comprometidos em transformar sonhos em realidade.\u200b\",\"breadcrumb\":{\"@id\":\"https:\/\/millenniarch.com\/direcao#breadcrumb\"},\"inLanguage\":\"en-GB\",\"potentialAction\":[{\"@type\":\"ReadAction\",\"target\":[\"https:\/\/millenniarch.com\/direcao\"]}]},{\"@type\":\"ImageObject\",\"inLanguage\":\"en-GB\",\"@id\":\"https:\/\/millenniarch.com\/direcao#primaryimage\",\"url\":\"https:\/\/millenniarch.com\/wp-content\/uploads\/2024\/06\/design-house-modern-villa-with-open-plan-living-private-bedroom-wing-large-terrace-with-privacy.jpg\",\"contentUrl\":\"https:\/\/millenniarch.com\/wp-content\/uploads\/2024\/06\/design-house-modern-villa-with-open-plan-living-private-bedroom-wing-large-terrace-with-privacy.jpg\",\"width\":1920,\"height\":1280},{\"@type\":\"BreadcrumbList\",\"@id\":\"https:\/\/millenniarch.com\/direcao#breadcrumb\",\"itemListElement\":[{\"@type\":\"ListItem\",\"position\":1,\"name\":\"In\u00edcio\",\"item\":\"https:\/\/millenniarch.com\/\"},{\"@type\":\"ListItem\",\"position\":2,\"name\":\"Sobre a dire\u00e7\u00e3o\"}]},{\"@type\":\"WebSite\",\"@id\":\"https:\/\/millenniarch.com\/#website\",\"url\":\"https:\/\/millenniarch.com\/\",\"name\":\"Millenniarch\",\"description\":\"Millenniarch Arquitetos, em Ponta Delgada, A\u00e7ores, cria arquitetura moderna e sustent\u00e1vel usando BIM e realidade aumentada. Transformamos a sua vis\u00e3o em realidade.\",\"publisher\":{\"@id\":\"https:\/\/millenniarch.com\/#organization\"},\"potentialAction\":[{\"@type\":\"SearchAction\",\"target\":{\"@type\":\"EntryPoint\",\"urlTemplate\":\"https:\/\/millenniarch.com\/?s={search_term_string}\"},\"query-input\":{\"@type\":\"PropertyValueSpecification\",\"valueRequired\":true,\"valueName\":\"search_term_string\"}}],\"inLanguage\":\"en-GB\"},{\"@type\":\"Organization\",\"@id\":\"https:\/\/millenniarch.com\/#organization\",\"name\":\"Millenniarch Arquitetos\",\"url\":\"https:\/\/millenniarch.com\/\",\"logo\":{\"@type\":\"ImageObject\",\"inLanguage\":\"en-GB\",\"@id\":\"https:\/\/millenniarch.com\/#\/schema\/logo\/image\/\",\"url\":\"https:\/\/millenniarch.com\/wp-content\/uploads\/2024\/04\/MILLENNIARCH-Logo-Black.png\",\"contentUrl\":\"https:\/\/millenniarch.com\/wp-content\/uploads\/2024\/04\/MILLENNIARCH-Logo-Black.png\",\"width\":1500,\"height\":251,\"caption\":\"Millenniarch Arquitetos\"},\"image\":{\"@id\":\"https:\/\/millenniarch.com\/#\/schema\/logo\/image\/\"},\"sameAs\":[\"https:\/\/www.facebook.com\/millenniarch\",\"https:\/\/www.instagram.com\/millenniarch\",\"https:\/\/www.linkedin.com\/company\/millenniarch\",\"https:\/\/www.pinterest.pt\/millenniarch\"]}]}<\/script>\n<!-- \/ Yoast SEO plugin. -->","yoast_head_json":{"title":"Dire\u00e7\u00e3o - Millenniarch Arquitetos","description":"Somos um grupo dedicado de profissionais apaixonados pelo design, comprometidos em transformar sonhos em realidade.\u200b","robots":{"index":"index","follow":"follow","max-snippet":"max-snippet:-1","max-image-preview":"max-image-preview:large","max-video-preview":"max-video-preview:-1"},"canonical":"https:\/\/millenniarch.com\/en\/direcao\/","og_locale":"en_GB","og_type":"article","og_title":"Dire\u00e7\u00e3o - Millenniarch Arquitetos","og_description":"Somos um grupo dedicado de profissionais apaixonados pelo design, comprometidos em transformar sonhos em realidade.\u200b","og_url":"https:\/\/millenniarch.com\/en\/direcao\/","og_site_name":"Millenniarch Arquitetos","article_publisher":"https:\/\/www.facebook.com\/millenniarch","article_modified_time":"2025-05-17T15:41:06+00:00","og_image":[{"width":1920,"height":1280,"url":"https:\/\/millenniarch.com\/wp-content\/uploads\/2024\/06\/design-house-modern-villa-with-open-plan-living-private-bedroom-wing-large-terrace-with-privacy.jpg","type":"image\/jpeg"}],"twitter_card":"summary_large_image","twitter_title":"Dire\u00e7\u00e3o - Millenniarch Arquitetos","twitter_description":"Somos um grupo dedicado de profissionais apaixonados pelo design, comprometidos em transformar sonhos em realidade.\u200b","twitter_image":"https:\/\/millenniarch.com\/wp-content\/uploads\/2024\/06\/design-house-modern-villa-with-open-plan-living-private-bedroom-wing-large-terrace-with-privacy.jpg","twitter_misc":{"Estimated reading time":"1 minute"},"schema":{"@context":"https:\/\/schema.org","@graph":[{"@type":"WebPage","@id":"https:\/\/millenniarch.com\/direcao\/","url":"https:\/\/millenniarch.com\/direcao","name":"Dire\u00e7\u00e3o - Millenniarch Arquitetos","isPartOf":{"@id":"https:\/\/millenniarch.com\/#website"},"primaryImageOfPage":{"@id":"https:\/\/millenniarch.com\/direcao#primaryimage"},"image":{"@id":"https:\/\/millenniarch.com\/direcao#primaryimage"},"thumbnailUrl":"https:\/\/millenniarch.com\/wp-content\/uploads\/2024\/06\/design-house-modern-villa-with-open-plan-living-private-bedroom-wing-large-terrace-with-privacy.jpg","datePublished":"2024-07-03T15:07:09+00:00","dateModified":"2025-05-17T15:41:06+00:00","description":"Somos um grupo dedicado de profissionais apaixonados pelo design, comprometidos em transformar sonhos em realidade.\u200b","breadcrumb":{"@id":"https:\/\/millenniarch.com\/direcao#breadcrumb"},"inLanguage":"en-GB","potentialAction":[{"@type":"ReadAction","target":["https:\/\/millenniarch.com\/direcao"]}]},{"@type":"ImageObject","inLanguage":"en-GB","@id":"https:\/\/millenniarch.com\/direcao#primaryimage","url":"https:\/\/millenniarch.com\/wp-content\/uploads\/2024\/06\/design-house-modern-villa-with-open-plan-living-private-bedroom-wing-large-terrace-with-privacy.jpg","contentUrl":"https:\/\/millenniarch.com\/wp-content\/uploads\/2024\/06\/design-house-modern-villa-with-open-plan-living-private-bedroom-wing-large-terrace-with-privacy.jpg","width":1920,"height":1280},{"@type":"BreadcrumbList","@id":"https:\/\/millenniarch.com\/direcao#breadcrumb","itemListElement":[{"@type":"ListItem","position":1,"name":"In\u00edcio","item":"https:\/\/millenniarch.com\/"},{"@type":"ListItem","position":2,"name":"Sobre a dire\u00e7\u00e3o"}]},{"@type":"WebSite","@id":"https:\/\/millenniarch.com\/#website","url":"https:\/\/millenniarch.com\/","name":"Millenniarch","description":"Millenniarch Arquitetos, em Ponta Delgada, A\u00e7ores, cria arquitetura moderna e sustent\u00e1vel usando BIM e realidade aumentada. Transformamos a sua vis\u00e3o em realidade.","publisher":{"@id":"https:\/\/millenniarch.com\/#organization"},"potentialAction":[{"@type":"SearchAction","target":{"@type":"EntryPoint","urlTemplate":"https:\/\/millenniarch.com\/?s={search_term_string}"},"query-input":{"@type":"PropertyValueSpecification","valueRequired":true,"valueName":"search_term_string"}}],"inLanguage":"en-GB"},{"@type":"Organization","@id":"https:\/\/millenniarch.com\/#organization","name":"Millenniarch Arquitetos","url":"https:\/\/millenniarch.com\/","logo":{"@type":"ImageObject","inLanguage":"en-GB","@id":"https:\/\/millenniarch.com\/#\/schema\/logo\/image\/","url":"https:\/\/millenniarch.com\/wp-content\/uploads\/2024\/04\/MILLENNIARCH-Logo-Black.png","contentUrl":"https:\/\/millenniarch.com\/wp-content\/uploads\/2024\/04\/MILLENNIARCH-Logo-Black.png","width":1500,"height":251,"caption":"Millenniarch Arquitetos"},"image":{"@id":"https:\/\/millenniarch.com\/#\/schema\/logo\/image\/"},"sameAs":["https:\/\/www.facebook.com\/millenniarch","https:\/\/www.instagram.com\/millenniarch","https:\/\/www.linkedin.com\/company\/millenniarch","https:\/\/www.pinterest.pt\/millenniarch"]}]}},"_links":{"self":[{"href":"https:\/\/millenniarch.com\/en\/wp-json\/wp\/v2\/pages\/2408","targetHints":{"allow":["GET"]}}],"collection":[{"href":"https:\/\/millenniarch.com\/en\/wp-json\/wp\/v2\/pages"}],"about":[{"href":"https:\/\/millenniarch.com\/en\/wp-json\/wp\/v2\/types\/page"}],"author":[{"embeddable":true,"href":"https:\/\/millenniarch.com\/en\/wp-json\/wp\/v2\/users\/1"}],"replies":[{"embeddable":true,"href":"https:\/\/millenniarch.com\/en\/wp-json\/wp\/v2\/comments?post=2408"}],"version-history":[{"count":35,"href":"https:\/\/millenniarch.com\/en\/wp-json\/wp\/v2\/pages\/2408\/revisions"}],"predecessor-version":[{"id":3538,"href":"https:\/\/millenniarch.com\/en\/wp-json\/wp\/v2\/pages\/2408\/revisions\/3538"}],"wp:featuredmedia":[{"embeddable":true,"href":"https:\/\/millenniarch.com\/en\/wp-json\/wp\/v2\/media\/2383"}],"wp:attachment":[{"href":"https:\/\/millenniarch.com\/en\/wp-json\/wp\/v2\/media?parent=2408"}],"curies":[{"name":"wp","href":"https:\/\/api.w.org\/{rel}","templated":true}]}}