{"id":2809,"date":"2024-08-21T23:43:39","date_gmt":"2024-08-21T23:43:39","guid":{"rendered":"https:\/\/millenniarch.com\/?page_id=2809"},"modified":"2024-08-21T23:43:39","modified_gmt":"2024-08-21T23:43:39","slug":"landingpage5","status":"publish","type":"page","link":"https:\/\/millenniarch.com\/en\/landingpage5\/","title":{"rendered":"Landing Page 5"},"content":{"rendered":"<div data-elementor-type=\"wp-page\" data-elementor-id=\"2809\" class=\"elementor elementor-2809\" data-elementor-post-type=\"page\">\n\t\t\t\t<div class=\"elementor-element elementor-element-1ea0891e e-con-full e-flex e-con e-parent\" data-id=\"1ea0891e\" data-element_type=\"container\" data-settings=\"{&quot;background_motion_fx_motion_fx_scrolling&quot;:&quot;yes&quot;,&quot;background_motion_fx_devices&quot;:[],&quot;background_background&quot;:&quot;classic&quot;}\">\n\t\t<div class=\"elementor-element elementor-element-7658a588 e-con-full e-flex e-con e-child\" data-id=\"7658a588\" data-element_type=\"container\" data-settings=\"{&quot;background_background&quot;:&quot;classic&quot;,&quot;background_motion_fx_motion_fx_scrolling&quot;:&quot;yes&quot;,&quot;background_motion_fx_translateY_effect&quot;:&quot;yes&quot;,&quot;background_motion_fx_translateY_direction&quot;:&quot;negative&quot;,&quot;background_motion_fx_translateY_speed&quot;:{&quot;unit&quot;:&quot;px&quot;,&quot;size&quot;:&quot;2.5&quot;,&quot;sizes&quot;:[]},&quot;background_motion_fx_translateY_affectedRange&quot;:{&quot;unit&quot;:&quot;%&quot;,&quot;size&quot;:&quot;&quot;,&quot;sizes&quot;:{&quot;start&quot;:0,&quot;end&quot;:100}},&quot;background_motion_fx_devices&quot;:[&quot;widescreen&quot;,&quot;desktop&quot;,&quot;laptop&quot;,&quot;tablet_extra&quot;,&quot;tablet&quot;,&quot;mobile_extra&quot;,&quot;mobile&quot;]}\">\n\t\t\t\t<div class=\"elementor-element elementor-element-a2a1761 elementor-invisible elementor-widget elementor-widget-image\" data-id=\"a2a1761\" data-element_type=\"widget\" data-settings=\"{&quot;_animation&quot;:&quot;fadeInUp&quot;}\" data-widget_type=\"image.default\">\n\t\t\t\t<div class=\"elementor-widget-container\">\n\t\t\t\t\t\t\t\t\t\t\t\t\t\t\t<img fetchpriority=\"high\" decoding=\"async\" width=\"800\" height=\"134\" src=\"https:\/\/millenniarch.com\/wp-content\/uploads\/2024\/04\/MILLENNIARCH-Logo-White-1024x171.png\" class=\"attachment-large size-large wp-image-2319\" alt=\"MILLENNIARCH ARQUITETOS\" srcset=\"https:\/\/millenniarch.com\/wp-content\/uploads\/2024\/04\/MILLENNIARCH-Logo-White-1024x171.png 1024w, https:\/\/millenniarch.com\/wp-content\/uploads\/2024\/04\/MILLENNIARCH-Logo-White-300x50.png 300w, https:\/\/millenniarch.com\/wp-content\/uploads\/2024\/04\/MILLENNIARCH-Logo-White-768x129.png 768w, https:\/\/millenniarch.com\/wp-content\/uploads\/2024\/04\/MILLENNIARCH-Logo-White-18x3.png 18w, https:\/\/millenniarch.com\/wp-content\/uploads\/2024\/04\/MILLENNIARCH-Logo-White.png 1500w\" sizes=\"(max-width: 800px) 100vw, 800px\" \/>\t\t\t\t\t\t\t\t\t\t\t\t\t\t\t<\/div>\n\t\t\t\t<\/div>\n\t\t\t\t<div class=\"elementor-element elementor-element-c1836d4 elementor-invisible elementor-widget elementor-widget-heading\" data-id=\"c1836d4\" data-element_type=\"widget\" data-settings=\"{&quot;_animation&quot;:&quot;fadeInUp&quot;}\" data-widget_type=\"heading.default\">\n\t\t\t\t<div class=\"elementor-widget-container\">\n\t\t\t\t\t<h2 class=\"elementor-heading-title elementor-size-default\">Landing<\/h2>\t\t\t\t<\/div>\n\t\t\t\t<\/div>\n\t\t\t\t<div class=\"elementor-element elementor-element-a91628a elementor-invisible elementor-widget elementor-widget-heading\" data-id=\"a91628a\" data-element_type=\"widget\" data-settings=\"{&quot;_animation&quot;:&quot;fadeInUp&quot;}\" data-widget_type=\"heading.default\">\n\t\t\t\t<div class=\"elementor-widget-container\">\n\t\t\t\t\t<h1 class=\"elementor-heading-title elementor-size-default\">page<\/h1>\t\t\t\t<\/div>\n\t\t\t\t<\/div>\n\t\t\t\t<\/div>\n\t\t\t\t<\/div>\n\t\t<div class=\"elementor-element elementor-element-4305d26f e-flex e-con-boxed e-con e-parent\" data-id=\"4305d26f\" data-element_type=\"container\" data-settings=\"{&quot;background_background&quot;:&quot;classic&quot;}\">\n\t\t\t\t\t<div class=\"e-con-inner\">\n\t\t<div class=\"elementor-element elementor-element-52a03cd1 e-con-full e-flex elementor-invisible e-con e-child\" data-id=\"52a03cd1\" data-element_type=\"container\" data-settings=\"{&quot;animation&quot;:&quot;fadeInUp&quot;}\">\n\t\t\t\t<div class=\"elementor-element elementor-element-2bbe9df4 elementor-widget elementor-widget-heading\" data-id=\"2bbe9df4\" data-element_type=\"widget\" data-widget_type=\"heading.default\">\n\t\t\t\t<div class=\"elementor-widget-container\">\n\t\t\t\t\t<div class=\"elementor-heading-title elementor-size-default\">t\u00edtulo<\/div>\t\t\t\t<\/div>\n\t\t\t\t<\/div>\n\t\t\t\t<div class=\"elementor-element elementor-element-10a60a1a elementor-widget elementor-widget-heading\" data-id=\"10a60a1a\" data-element_type=\"widget\" data-widget_type=\"heading.default\">\n\t\t\t\t<div class=\"elementor-widget-container\">\n\t\t\t\t\t<h4 class=\"elementor-heading-title elementor-size-default\">We are a dedicated group of professionals with a passion for design, committed to turning dreams into reality.<\/h4>\t\t\t\t<\/div>\n\t\t\t\t<\/div>\n\t\t\t\t<div class=\"elementor-element elementor-element-80f32d9 elementor-widget elementor-widget-text-editor\" data-id=\"80f32d9\" data-element_type=\"widget\" data-widget_type=\"text-editor.default\">\n\t\t\t\t<div class=\"elementor-widget-container\">\n\t\t\t\t\t\t\t\t\tWe combine creativity, functionality and innovation to create inspiring and functional spaces.\t\t\t\t\t\t\t\t<\/div>\n\t\t\t\t<\/div>\n\t\t\t\t<\/div>\n\t\t\t\t\t<\/div>\n\t\t\t\t<\/div>\n\t\t\t\t<\/div>","protected":false},"excerpt":{"rendered":"<p>Landing page t\u00edtulo Somos um grupo dedicado de profissionais apaixonados pelo design, comprometidos em transformar sonhos em realidade. Combinamos criatividade, funcionalidade e inova\u00e7\u00e3o para criar espa\u00e7os inspiradores e funcionais.<\/p>","protected":false},"author":3,"featured_media":0,"parent":0,"menu_order":16,"comment_status":"closed","ping_status":"closed","template":"elementor_canvas","meta":{"_acf_changed":false,"footnotes":""},"class_list":["post-2809","page","type-page","status-publish","hentry"],"acf":[],"yoast_head":"<!-- This site is optimized with the Yoast SEO plugin v26.8 - https:\/\/yoast.com\/product\/yoast-seo-wordpress\/ -->\n<title>Landing Page 5 - Millenniarch Arquitetos<\/title>\n<meta name=\"robots\" content=\"index, follow, max-snippet:-1, max-image-preview:large, max-video-preview:-1\" \/>\n<link rel=\"canonical\" href=\"https:\/\/millenniarch.com\/en\/landingpage5\/\" \/>\n<meta property=\"og:locale\" content=\"en_GB\" \/>\n<meta property=\"og:type\" content=\"article\" \/>\n<meta property=\"og:title\" content=\"Landing Page 5 - Millenniarch Arquitetos\" \/>\n<meta property=\"og:description\" content=\"Landing page t\u00edtulo Somos um grupo dedicado de profissionais apaixonados pelo design, comprometidos em transformar sonhos em realidade. Combinamos criatividade, funcionalidade e inova\u00e7\u00e3o para criar espa\u00e7os inspiradores e funcionais.\" \/>\n<meta property=\"og:url\" content=\"https:\/\/millenniarch.com\/en\/landingpage5\/\" \/>\n<meta property=\"og:site_name\" content=\"Millenniarch Arquitetos\" \/>\n<meta property=\"article:publisher\" content=\"https:\/\/www.facebook.com\/millenniarch\" \/>\n<meta property=\"og:image\" content=\"https:\/\/millenniarch.com\/wp-content\/uploads\/2024\/04\/MILLENNIARCH-Logo-White-1024x171.png\" \/>\n<meta name=\"twitter:card\" content=\"summary_large_image\" \/>\n<script type=\"application\/ld+json\" class=\"yoast-schema-graph\">{\"@context\":\"https:\/\/schema.org\",\"@graph\":[{\"@type\":\"WebPage\",\"@id\":\"https:\/\/millenniarch.com\/landingpage5\/\",\"url\":\"https:\/\/millenniarch.com\/landingpage5\/\",\"name\":\"Landing Page 5 - Millenniarch Arquitetos\",\"isPartOf\":{\"@id\":\"https:\/\/millenniarch.com\/#website\"},\"primaryImageOfPage\":{\"@id\":\"https:\/\/millenniarch.com\/landingpage5\/#primaryimage\"},\"image\":{\"@id\":\"https:\/\/millenniarch.com\/landingpage5\/#primaryimage\"},\"thumbnailUrl\":\"https:\/\/millenniarch.com\/wp-content\/uploads\/2024\/04\/MILLENNIARCH-Logo-White-1024x171.png\",\"datePublished\":\"2024-08-21T23:43:39+00:00\",\"breadcrumb\":{\"@id\":\"https:\/\/millenniarch.com\/landingpage5\/#breadcrumb\"},\"inLanguage\":\"en-GB\",\"potentialAction\":[{\"@type\":\"ReadAction\",\"target\":[\"https:\/\/millenniarch.com\/landingpage5\/\"]}]},{\"@type\":\"ImageObject\",\"inLanguage\":\"en-GB\",\"@id\":\"https:\/\/millenniarch.com\/landingpage5\/#primaryimage\",\"url\":\"https:\/\/millenniarch.com\/wp-content\/uploads\/2024\/04\/MILLENNIARCH-Logo-White-1024x171.png\",\"contentUrl\":\"https:\/\/millenniarch.com\/wp-content\/uploads\/2024\/04\/MILLENNIARCH-Logo-White-1024x171.png\"},{\"@type\":\"BreadcrumbList\",\"@id\":\"https:\/\/millenniarch.com\/landingpage5\/#breadcrumb\",\"itemListElement\":[{\"@type\":\"ListItem\",\"position\":1,\"name\":\"In\u00edcio\",\"item\":\"https:\/\/millenniarch.com\/\"},{\"@type\":\"ListItem\",\"position\":2,\"name\":\"Landing Page 5\"}]},{\"@type\":\"WebSite\",\"@id\":\"https:\/\/millenniarch.com\/#website\",\"url\":\"https:\/\/millenniarch.com\/\",\"name\":\"Millenniarch\",\"description\":\"Millenniarch Arquitetos, em Ponta Delgada, A\u00e7ores, cria arquitetura moderna e sustent\u00e1vel usando BIM e realidade aumentada. Transformamos a sua vis\u00e3o em realidade.\",\"publisher\":{\"@id\":\"https:\/\/millenniarch.com\/#organization\"},\"potentialAction\":[{\"@type\":\"SearchAction\",\"target\":{\"@type\":\"EntryPoint\",\"urlTemplate\":\"https:\/\/millenniarch.com\/?s={search_term_string}\"},\"query-input\":{\"@type\":\"PropertyValueSpecification\",\"valueRequired\":true,\"valueName\":\"search_term_string\"}}],\"inLanguage\":\"en-GB\"},{\"@type\":\"Organization\",\"@id\":\"https:\/\/millenniarch.com\/#organization\",\"name\":\"Millenniarch Arquitetos\",\"url\":\"https:\/\/millenniarch.com\/\",\"logo\":{\"@type\":\"ImageObject\",\"inLanguage\":\"en-GB\",\"@id\":\"https:\/\/millenniarch.com\/#\/schema\/logo\/image\/\",\"url\":\"https:\/\/millenniarch.com\/wp-content\/uploads\/2024\/04\/MILLENNIARCH-Logo-Black.png\",\"contentUrl\":\"https:\/\/millenniarch.com\/wp-content\/uploads\/2024\/04\/MILLENNIARCH-Logo-Black.png\",\"width\":1500,\"height\":251,\"caption\":\"Millenniarch Arquitetos\"},\"image\":{\"@id\":\"https:\/\/millenniarch.com\/#\/schema\/logo\/image\/\"},\"sameAs\":[\"https:\/\/www.facebook.com\/millenniarch\",\"https:\/\/www.instagram.com\/millenniarch\",\"https:\/\/www.linkedin.com\/company\/millenniarch\",\"https:\/\/www.pinterest.pt\/millenniarch\"]}]}<\/script>\n<!-- \/ Yoast SEO plugin. -->","yoast_head_json":{"title":"Landing Page 5 - Millenniarch Arquitetos","robots":{"index":"index","follow":"follow","max-snippet":"max-snippet:-1","max-image-preview":"max-image-preview:large","max-video-preview":"max-video-preview:-1"},"canonical":"https:\/\/millenniarch.com\/en\/landingpage5\/","og_locale":"en_GB","og_type":"article","og_title":"Landing Page 5 - Millenniarch Arquitetos","og_description":"Landing page t\u00edtulo Somos um grupo dedicado de profissionais apaixonados pelo design, comprometidos em transformar sonhos em realidade. Combinamos criatividade, funcionalidade e inova\u00e7\u00e3o para criar espa\u00e7os inspiradores e funcionais.","og_url":"https:\/\/millenniarch.com\/en\/landingpage5\/","og_site_name":"Millenniarch Arquitetos","article_publisher":"https:\/\/www.facebook.com\/millenniarch","og_image":[{"url":"https:\/\/millenniarch.com\/wp-content\/uploads\/2024\/04\/MILLENNIARCH-Logo-White-1024x171.png","type":"","width":"","height":""}],"twitter_card":"summary_large_image","schema":{"@context":"https:\/\/schema.org","@graph":[{"@type":"WebPage","@id":"https:\/\/millenniarch.com\/landingpage5\/","url":"https:\/\/millenniarch.com\/landingpage5\/","name":"Landing Page 5 - Millenniarch Arquitetos","isPartOf":{"@id":"https:\/\/millenniarch.com\/#website"},"primaryImageOfPage":{"@id":"https:\/\/millenniarch.com\/landingpage5\/#primaryimage"},"image":{"@id":"https:\/\/millenniarch.com\/landingpage5\/#primaryimage"},"thumbnailUrl":"https:\/\/millenniarch.com\/wp-content\/uploads\/2024\/04\/MILLENNIARCH-Logo-White-1024x171.png","datePublished":"2024-08-21T23:43:39+00:00","breadcrumb":{"@id":"https:\/\/millenniarch.com\/landingpage5\/#breadcrumb"},"inLanguage":"en-GB","potentialAction":[{"@type":"ReadAction","target":["https:\/\/millenniarch.com\/landingpage5\/"]}]},{"@type":"ImageObject","inLanguage":"en-GB","@id":"https:\/\/millenniarch.com\/landingpage5\/#primaryimage","url":"https:\/\/millenniarch.com\/wp-content\/uploads\/2024\/04\/MILLENNIARCH-Logo-White-1024x171.png","contentUrl":"https:\/\/millenniarch.com\/wp-content\/uploads\/2024\/04\/MILLENNIARCH-Logo-White-1024x171.png"},{"@type":"BreadcrumbList","@id":"https:\/\/millenniarch.com\/landingpage5\/#breadcrumb","itemListElement":[{"@type":"ListItem","position":1,"name":"In\u00edcio","item":"https:\/\/millenniarch.com\/"},{"@type":"ListItem","position":2,"name":"Landing Page 5"}]},{"@type":"WebSite","@id":"https:\/\/millenniarch.com\/#website","url":"https:\/\/millenniarch.com\/","name":"Millenniarch","description":"Millenniarch Arquitetos, em Ponta Delgada, A\u00e7ores, cria arquitetura moderna e sustent\u00e1vel usando BIM e realidade aumentada. Transformamos a sua vis\u00e3o em realidade.","publisher":{"@id":"https:\/\/millenniarch.com\/#organization"},"potentialAction":[{"@type":"SearchAction","target":{"@type":"EntryPoint","urlTemplate":"https:\/\/millenniarch.com\/?s={search_term_string}"},"query-input":{"@type":"PropertyValueSpecification","valueRequired":true,"valueName":"search_term_string"}}],"inLanguage":"en-GB"},{"@type":"Organization","@id":"https:\/\/millenniarch.com\/#organization","name":"Millenniarch Arquitetos","url":"https:\/\/millenniarch.com\/","logo":{"@type":"ImageObject","inLanguage":"en-GB","@id":"https:\/\/millenniarch.com\/#\/schema\/logo\/image\/","url":"https:\/\/millenniarch.com\/wp-content\/uploads\/2024\/04\/MILLENNIARCH-Logo-Black.png","contentUrl":"https:\/\/millenniarch.com\/wp-content\/uploads\/2024\/04\/MILLENNIARCH-Logo-Black.png","width":1500,"height":251,"caption":"Millenniarch Arquitetos"},"image":{"@id":"https:\/\/millenniarch.com\/#\/schema\/logo\/image\/"},"sameAs":["https:\/\/www.facebook.com\/millenniarch","https:\/\/www.instagram.com\/millenniarch","https:\/\/www.linkedin.com\/company\/millenniarch","https:\/\/www.pinterest.pt\/millenniarch"]}]}},"_links":{"self":[{"href":"https:\/\/millenniarch.com\/en\/wp-json\/wp\/v2\/pages\/2809","targetHints":{"allow":["GET"]}}],"collection":[{"href":"https:\/\/millenniarch.com\/en\/wp-json\/wp\/v2\/pages"}],"about":[{"href":"https:\/\/millenniarch.com\/en\/wp-json\/wp\/v2\/types\/page"}],"author":[{"embeddable":true,"href":"https:\/\/millenniarch.com\/en\/wp-json\/wp\/v2\/users\/3"}],"replies":[{"embeddable":true,"href":"https:\/\/millenniarch.com\/en\/wp-json\/wp\/v2\/comments?post=2809"}],"version-history":[{"count":0,"href":"https:\/\/millenniarch.com\/en\/wp-json\/wp\/v2\/pages\/2809\/revisions"}],"wp:attachment":[{"href":"https:\/\/millenniarch.com\/en\/wp-json\/wp\/v2\/media?parent=2809"}],"curies":[{"name":"wp","href":"https:\/\/api.w.org\/{rel}","templated":true}]}}